{"id":10473,"date":"2023-12-21T13:35:36","date_gmt":"2023-12-21T12:35:36","guid":{"rendered":"https:\/\/teleshop.espresso-kafa.rs\/index.php\/proizvod\/solje-za-kafu-704\/"},"modified":"2023-12-21T14:12:11","modified_gmt":"2023-12-21T13:12:11","slug":"solje-za-kafu-704","status":"publish","type":"product","link":"https:\/\/teleshop.espresso-kafa.rs\/index.php\/proizvod\/solje-za-kafu-704\/","title":{"rendered":"\u0160olje za kafu 704"},"content":{"rendered":"<p>Set \u0161oljica sadr\u017ei 6 \u0161olja i 6 tanjiri\u0107a. Prefinjene \u0161oljice, lepih cvetnih \u0161ara. Idealne za svakodnevnu upotrebu ili kao poklon za dragu osobu. Idealne veli\u010dine za pravu meru kafe.Materijal keramika<\/p>\n","protected":false},"excerpt":{"rendered":"<p>Set \u0161oljica sadr\u017ei 6 \u0161olja i 6 tanjiri\u0107a. Prefinjene \u0161oljice, lepih cvetnih \u0161ara. Idealne za svakodnevnu upotrebu ili kao poklon<\/p>\n","protected":false},"featured_media":0,"template":"","meta":[],"product_cat":[214,235],"product_tag":[],"class_list":{"0":"post-10473","1":"product","2":"type-product","3":"status-publish","5":"product_cat-posudje-i-kuhinjski-proibor","6":"product_cat-akcija","8":"first","9":"instock","10":"sale","11":"shipping-taxable","12":"purchasable","13":"product-type-simple"},"_links":{"self":[{"href":"https:\/\/teleshop.espresso-kafa.rs\/index.php\/wp-json\/wp\/v2\/product\/10473","targetHints":{"allow":["GET"]}}],"collection":[{"href":"https:\/\/teleshop.espresso-kafa.rs\/index.php\/wp-json\/wp\/v2\/product"}],"about":[{"href":"https:\/\/teleshop.espresso-kafa.rs\/index.php\/wp-json\/wp\/v2\/types\/product"}],"version-history":[{"count":1,"href":"https:\/\/teleshop.espresso-kafa.rs\/index.php\/wp-json\/wp\/v2\/product\/10473\/revisions"}],"predecessor-version":[{"id":10481,"href":"https:\/\/teleshop.espresso-kafa.rs\/index.php\/wp-json\/wp\/v2\/product\/10473\/revisions\/10481"}],"wp:attachment":[{"href":"https:\/\/teleshop.espresso-kafa.rs\/index.php\/wp-json\/wp\/v2\/media?parent=10473"}],"wp:term":[{"taxonomy":"product_cat","embeddable":true,"href":"https:\/\/teleshop.espresso-kafa.rs\/index.php\/wp-json\/wp\/v2\/product_cat?post=10473"},{"taxonomy":"product_tag","embeddable":true,"href":"https:\/\/teleshop.espresso-kafa.rs\/index.php\/wp-json\/wp\/v2\/product_tag?post=10473"}],"curies":[{"name":"wp","href":"https:\/\/api.w.org\/{rel}","templated":true}]}}