{"id":10472,"date":"2023-12-21T13:35:36","date_gmt":"2023-12-21T12:35:36","guid":{"rendered":"https:\/\/teleshop.espresso-kafa.rs\/index.php\/proizvod\/pribor-za-jelo-703\/"},"modified":"2024-01-15T12:20:33","modified_gmt":"2024-01-15T11:20:33","slug":"pribor-za-jelo-703","status":"publish","type":"product","link":"https:\/\/teleshop.espresso-kafa.rs\/index.php\/proizvod\/pribor-za-jelo-703\/","title":{"rendered":"pribor za jelo 703"},"content":{"rendered":"<p>Komplet escajga 24-delni je escajg za 6 osoba, sadr\u017ei 6 ka\u0161ika, 6 vilju\u0161ka, 6 no\u017eeva i 6 ka\u0161i\u010dica za dezert. Izradjen od ner\u0111aju\u0107eg \u010delika. Pribor je ukra\u0161en sa prlepom \u0161arom u zlatnoj boji. Set je izuzetno kvalitetan i jako lepog dizajna pogogodan za sve\u010dane prilike. Set je upakovan u kvalitetnu drvenu kutiju zlatne boje.<\/p>\n","protected":false},"excerpt":{"rendered":"<p>Komplet escajga 24-delni je escajg za 6 osoba, sadr\u017ei 6 ka\u0161ika, 6 vilju\u0161ka, 6 no\u017eeva i 6 ka\u0161i\u010dica za dezert.<\/p>\n","protected":false},"featured_media":10844,"template":"","meta":[],"product_cat":[214,235],"product_tag":[],"class_list":{"0":"post-10472","1":"product","2":"type-product","3":"status-publish","4":"has-post-thumbnail","6":"product_cat-posudje-i-kuhinjski-proibor","7":"product_cat-akcija","9":"first","10":"instock","11":"sale","12":"shipping-taxable","13":"purchasable","14":"product-type-simple"},"_links":{"self":[{"href":"https:\/\/teleshop.espresso-kafa.rs\/index.php\/wp-json\/wp\/v2\/product\/10472","targetHints":{"allow":["GET"]}}],"collection":[{"href":"https:\/\/teleshop.espresso-kafa.rs\/index.php\/wp-json\/wp\/v2\/product"}],"about":[{"href":"https:\/\/teleshop.espresso-kafa.rs\/index.php\/wp-json\/wp\/v2\/types\/product"}],"version-history":[{"count":1,"href":"https:\/\/teleshop.espresso-kafa.rs\/index.php\/wp-json\/wp\/v2\/product\/10472\/revisions"}],"predecessor-version":[{"id":10482,"href":"https:\/\/teleshop.espresso-kafa.rs\/index.php\/wp-json\/wp\/v2\/product\/10472\/revisions\/10482"}],"wp:featuredmedia":[{"embeddable":true,"href":"https:\/\/teleshop.espresso-kafa.rs\/index.php\/wp-json\/wp\/v2\/media\/10844"}],"wp:attachment":[{"href":"https:\/\/teleshop.espresso-kafa.rs\/index.php\/wp-json\/wp\/v2\/media?parent=10472"}],"wp:term":[{"taxonomy":"product_cat","embeddable":true,"href":"https:\/\/teleshop.espresso-kafa.rs\/index.php\/wp-json\/wp\/v2\/product_cat?post=10472"},{"taxonomy":"product_tag","embeddable":true,"href":"https:\/\/teleshop.espresso-kafa.rs\/index.php\/wp-json\/wp\/v2\/product_tag?post=10472"}],"curies":[{"name":"wp","href":"https:\/\/api.w.org\/{rel}","templated":true}]}}