{"id":10471,"date":"2023-12-21T13:35:36","date_gmt":"2023-12-21T12:35:36","guid":{"rendered":"https:\/\/teleshop.espresso-kafa.rs\/index.php\/proizvod\/set-kuhinjskih-nozeva-702\/"},"modified":"2024-01-15T12:21:05","modified_gmt":"2024-01-15T11:21:05","slug":"set-kuhinjskih-nozeva-702","status":"publish","type":"product","link":"https:\/\/teleshop.espresso-kafa.rs\/index.php\/proizvod\/set-kuhinjskih-nozeva-702\/","title":{"rendered":"Set kuhinjskih no\u017eeva 702"},"content":{"rendered":"<p>Set kuhinjskih no\u017eeva, prakti\u010dan set koji \u010dini 4 no\u017ea. I makaze, lju\u0161tilica Izra\u0111en od kvalitetnog ner\u0111aju\u0107eg \u010delika sa granitnim premazom kokji ih \u010dine nelepljivim i time olaksavaju se\u010denje namirnica sa ergonomski oblikovanim dr\u0161kama. No\u017eevi koji savr\u0161eno le\u017ee u ruci i seku ba\u0161 kako vi \u017eelite. Set \u010dini 6 delova: kuvarski no\u017e no\u017e za rezbarenje, no\u017e za \u010di\u0161\u0107enje,i seka\u010d, makaze i lju\u0161tilica. Kuninjski no\u017e 20cm univerzalni no\u017e 20cm seka\u010d 20cm no\u017e za lju\u0161tenje 9cm no\u017e 20cm<\/p>\n","protected":false},"excerpt":{"rendered":"<p>Set kuhinjskih no\u017eeva, prakti\u010dan set koji \u010dini 4 no\u017ea. I makaze, lju\u0161tilica Izra\u0111en od kvalitetnog ner\u0111aju\u0107eg \u010delika sa granitnim premazom<\/p>\n","protected":false},"featured_media":10845,"template":"","meta":[],"product_cat":[214,235],"product_tag":[],"class_list":{"0":"post-10471","1":"product","2":"type-product","3":"status-publish","4":"has-post-thumbnail","6":"product_cat-posudje-i-kuhinjski-proibor","7":"product_cat-akcija","9":"first","10":"instock","11":"sale","12":"shipping-taxable","13":"purchasable","14":"product-type-simple"},"_links":{"self":[{"href":"https:\/\/teleshop.espresso-kafa.rs\/index.php\/wp-json\/wp\/v2\/product\/10471","targetHints":{"allow":["GET"]}}],"collection":[{"href":"https:\/\/teleshop.espresso-kafa.rs\/index.php\/wp-json\/wp\/v2\/product"}],"about":[{"href":"https:\/\/teleshop.espresso-kafa.rs\/index.php\/wp-json\/wp\/v2\/types\/product"}],"version-history":[{"count":1,"href":"https:\/\/teleshop.espresso-kafa.rs\/index.php\/wp-json\/wp\/v2\/product\/10471\/revisions"}],"predecessor-version":[{"id":10483,"href":"https:\/\/teleshop.espresso-kafa.rs\/index.php\/wp-json\/wp\/v2\/product\/10471\/revisions\/10483"}],"wp:featuredmedia":[{"embeddable":true,"href":"https:\/\/teleshop.espresso-kafa.rs\/index.php\/wp-json\/wp\/v2\/media\/10845"}],"wp:attachment":[{"href":"https:\/\/teleshop.espresso-kafa.rs\/index.php\/wp-json\/wp\/v2\/media?parent=10471"}],"wp:term":[{"taxonomy":"product_cat","embeddable":true,"href":"https:\/\/teleshop.espresso-kafa.rs\/index.php\/wp-json\/wp\/v2\/product_cat?post=10471"},{"taxonomy":"product_tag","embeddable":true,"href":"https:\/\/teleshop.espresso-kafa.rs\/index.php\/wp-json\/wp\/v2\/product_tag?post=10471"}],"curies":[{"name":"wp","href":"https:\/\/api.w.org\/{rel}","templated":true}]}}