{"id":10224,"date":"2023-12-18T15:07:17","date_gmt":"2023-12-18T14:07:17","guid":{"rendered":"https:\/\/teleshop.espresso-kafa.rs\/index.php\/proizvod\/koni-novanik-2\/"},"modified":"2024-01-15T12:10:46","modified_gmt":"2024-01-15T11:10:46","slug":"koni-novanik-2","status":"publish","type":"product","link":"https:\/\/teleshop.espresso-kafa.rs\/index.php\/proizvod\/koni-novanik-2\/","title":{"rendered":"Ko\u017eni nov\u010danik A-506"},"content":{"rendered":"<p>Moderan , raznobojni \u017eenski nov\u010danik, izradjen od prave ko\u017ee. Sadr\u017ei dosta pregrada , prakti\u010dan , u vi\u0161e boja i lako je uklopljiv uz svaku Va\u0161u odevnu kombinaciju. Osnovni materijal : ko\u017ea<\/p>\n","protected":false},"excerpt":{"rendered":"<p>Moderan , raznobojni \u017eenski nov\u010danik, izradjen od prave ko\u017ee. Sadr\u017ei dosta pregrada , prakti\u010dan , u vi\u0161e boja i lako<\/p>\n","protected":false},"featured_media":10809,"template":"","meta":[],"product_cat":[212,235],"product_tag":[],"class_list":{"0":"post-10224","1":"product","2":"type-product","3":"status-publish","4":"has-post-thumbnail","6":"product_cat-novcanici-aksesoari","7":"product_cat-akcija","9":"first","10":"instock","11":"sale","12":"shipping-taxable","13":"purchasable","14":"product-type-simple"},"_links":{"self":[{"href":"https:\/\/teleshop.espresso-kafa.rs\/index.php\/wp-json\/wp\/v2\/product\/10224","targetHints":{"allow":["GET"]}}],"collection":[{"href":"https:\/\/teleshop.espresso-kafa.rs\/index.php\/wp-json\/wp\/v2\/product"}],"about":[{"href":"https:\/\/teleshop.espresso-kafa.rs\/index.php\/wp-json\/wp\/v2\/types\/product"}],"version-history":[{"count":4,"href":"https:\/\/teleshop.espresso-kafa.rs\/index.php\/wp-json\/wp\/v2\/product\/10224\/revisions"}],"predecessor-version":[{"id":10444,"href":"https:\/\/teleshop.espresso-kafa.rs\/index.php\/wp-json\/wp\/v2\/product\/10224\/revisions\/10444"}],"wp:featuredmedia":[{"embeddable":true,"href":"https:\/\/teleshop.espresso-kafa.rs\/index.php\/wp-json\/wp\/v2\/media\/10809"}],"wp:attachment":[{"href":"https:\/\/teleshop.espresso-kafa.rs\/index.php\/wp-json\/wp\/v2\/media?parent=10224"}],"wp:term":[{"taxonomy":"product_cat","embeddable":true,"href":"https:\/\/teleshop.espresso-kafa.rs\/index.php\/wp-json\/wp\/v2\/product_cat?post=10224"},{"taxonomy":"product_tag","embeddable":true,"href":"https:\/\/teleshop.espresso-kafa.rs\/index.php\/wp-json\/wp\/v2\/product_tag?post=10224"}],"curies":[{"name":"wp","href":"https:\/\/api.w.org\/{rel}","templated":true}]}}