{"id":10218,"date":"2023-12-18T15:07:17","date_gmt":"2023-12-18T14:07:17","guid":{"rendered":"https:\/\/teleshop.espresso-kafa.rs\/index.php\/proizvod\/koni-novanik\/"},"modified":"2024-01-15T12:10:37","modified_gmt":"2024-01-15T11:10:37","slug":"koni-novanik","status":"publish","type":"product","link":"https:\/\/teleshop.espresso-kafa.rs\/index.php\/proizvod\/koni-novanik\/","title":{"rendered":"ko\u017eni nov\u010danik A-500"},"content":{"rendered":"<p>Moderan, raznobojni\u00a0 \u017eenski nov\u010danik izradjen od prave ko\u017ee. Otvara se kao knjiga sa mnogo pregrada , za Va\u0161u neophodnu dokumentaciju.Vi\u0161ebojan i lako uklopljiv uz svaku ta\u0161nu, ali i uz Va\u0161u odevnu kombinaciju<\/p>\n","protected":false},"excerpt":{"rendered":"<p>Moderan, raznobojni\u00a0 \u017eenski nov\u010danik izradjen od prave ko\u017ee. Otvara se kao knjiga sa mnogo pregrada , za Va\u0161u neophodnu dokumentaciju.Vi\u0161ebojan<\/p>\n","protected":false},"featured_media":10803,"template":"","meta":[],"product_cat":[212,235],"product_tag":[],"class_list":{"0":"post-10218","1":"product","2":"type-product","3":"status-publish","4":"has-post-thumbnail","6":"product_cat-novcanici-aksesoari","7":"product_cat-akcija","9":"first","10":"instock","11":"sale","12":"shipping-taxable","13":"purchasable","14":"product-type-simple"},"_links":{"self":[{"href":"https:\/\/teleshop.espresso-kafa.rs\/index.php\/wp-json\/wp\/v2\/product\/10218","targetHints":{"allow":["GET"]}}],"collection":[{"href":"https:\/\/teleshop.espresso-kafa.rs\/index.php\/wp-json\/wp\/v2\/product"}],"about":[{"href":"https:\/\/teleshop.espresso-kafa.rs\/index.php\/wp-json\/wp\/v2\/types\/product"}],"version-history":[{"count":3,"href":"https:\/\/teleshop.espresso-kafa.rs\/index.php\/wp-json\/wp\/v2\/product\/10218\/revisions"}],"predecessor-version":[{"id":10438,"href":"https:\/\/teleshop.espresso-kafa.rs\/index.php\/wp-json\/wp\/v2\/product\/10218\/revisions\/10438"}],"wp:featuredmedia":[{"embeddable":true,"href":"https:\/\/teleshop.espresso-kafa.rs\/index.php\/wp-json\/wp\/v2\/media\/10803"}],"wp:attachment":[{"href":"https:\/\/teleshop.espresso-kafa.rs\/index.php\/wp-json\/wp\/v2\/media?parent=10218"}],"wp:term":[{"taxonomy":"product_cat","embeddable":true,"href":"https:\/\/teleshop.espresso-kafa.rs\/index.php\/wp-json\/wp\/v2\/product_cat?post=10218"},{"taxonomy":"product_tag","embeddable":true,"href":"https:\/\/teleshop.espresso-kafa.rs\/index.php\/wp-json\/wp\/v2\/product_tag?post=10218"}],"curies":[{"name":"wp","href":"https:\/\/api.w.org\/{rel}","templated":true}]}}