{"id":10213,"date":"2023-12-18T15:01:01","date_gmt":"2023-12-18T14:01:01","guid":{"rendered":"https:\/\/teleshop.espresso-kafa.rs\/index.php\/proizvod\/proizvod-18\/"},"modified":"2024-01-15T12:10:30","modified_gmt":"2024-01-15T11:10:30","slug":"proizvod-18","status":"publish","type":"product","link":"https:\/\/teleshop.espresso-kafa.rs\/index.php\/proizvod\/proizvod-18\/","title":{"rendered":"Min\u0111u\u0161e 266"},"content":{"rendered":"<p>Min\u0111u\u0161e 24K bela pozlata sa kristalima, Efektne idealne za sbvaku priliku, sla\u017eu se uz svaki oblik lica i uz svaku odevnu kombibaciju. Kristali na min\u0111u\u0161ama daju posebnu notu luksuza i sjaja.<\/p>\n","protected":false},"excerpt":{"rendered":"<p>Min\u0111u\u0161e 24K bela pozlata sa kristalima, Efektne idealne za sbvaku priliku, sla\u017eu se uz svaki oblik lica i uz svaku<\/p>\n","protected":false},"featured_media":10797,"template":"","meta":[],"product_cat":[223,235],"product_tag":[],"class_list":{"0":"post-10213","1":"product","2":"type-product","3":"status-publish","4":"has-post-thumbnail","6":"product_cat-zenske-minduse","7":"product_cat-akcija","9":"first","10":"instock","11":"sale","12":"shipping-taxable","13":"purchasable","14":"product-type-simple"},"_links":{"self":[{"href":"https:\/\/teleshop.espresso-kafa.rs\/index.php\/wp-json\/wp\/v2\/product\/10213","targetHints":{"allow":["GET"]}}],"collection":[{"href":"https:\/\/teleshop.espresso-kafa.rs\/index.php\/wp-json\/wp\/v2\/product"}],"about":[{"href":"https:\/\/teleshop.espresso-kafa.rs\/index.php\/wp-json\/wp\/v2\/types\/product"}],"version-history":[{"count":5,"href":"https:\/\/teleshop.espresso-kafa.rs\/index.php\/wp-json\/wp\/v2\/product\/10213\/revisions"}],"predecessor-version":[{"id":10435,"href":"https:\/\/teleshop.espresso-kafa.rs\/index.php\/wp-json\/wp\/v2\/product\/10213\/revisions\/10435"}],"wp:featuredmedia":[{"embeddable":true,"href":"https:\/\/teleshop.espresso-kafa.rs\/index.php\/wp-json\/wp\/v2\/media\/10797"}],"wp:attachment":[{"href":"https:\/\/teleshop.espresso-kafa.rs\/index.php\/wp-json\/wp\/v2\/media?parent=10213"}],"wp:term":[{"taxonomy":"product_cat","embeddable":true,"href":"https:\/\/teleshop.espresso-kafa.rs\/index.php\/wp-json\/wp\/v2\/product_cat?post=10213"},{"taxonomy":"product_tag","embeddable":true,"href":"https:\/\/teleshop.espresso-kafa.rs\/index.php\/wp-json\/wp\/v2\/product_tag?post=10213"}],"curies":[{"name":"wp","href":"https:\/\/api.w.org\/{rel}","templated":true}]}}