{"id":10212,"date":"2023-12-18T15:01:01","date_gmt":"2023-12-18T14:01:01","guid":{"rendered":"https:\/\/teleshop.espresso-kafa.rs\/index.php\/proizvod\/proizvod-17\/"},"modified":"2024-01-15T12:10:29","modified_gmt":"2024-01-15T11:10:29","slug":"proizvod-17","status":"publish","type":"product","link":"https:\/\/teleshop.espresso-kafa.rs\/index.php\/proizvod\/proizvod-17\/","title":{"rendered":"Ogrlica 265"},"content":{"rendered":"<p>Ogllica sa slatkovodnim biserima, izra\u0111ena je od ner\u0111aju\u010deg \u010delika. Ne\u017ena ogrlica sa priveskom srca. Izme\u0111u svakog bisera nalazi se po jedna kuglica u \u0107utoj pozlati, a na centralnom delu nalazi se kop\u010da. Biseri su simbol \u010distote, iskrenosti, lepote \u017eenstvenosti. Ulep\u0161a\u0107e vas u svakoj prilici<\/p>\n","protected":false},"excerpt":{"rendered":"<p>Ogllica sa slatkovodnim biserima, izra\u0111ena je od ner\u0111aju\u010deg \u010delika. Ne\u017ena ogrlica sa priveskom srca. Izme\u0111u svakog bisera nalazi se po<\/p>\n","protected":false},"featured_media":10792,"template":"","meta":[],"product_cat":[221,235],"product_tag":[],"class_list":{"0":"post-10212","1":"product","2":"type-product","3":"status-publish","4":"has-post-thumbnail","6":"product_cat-zenske-ogrlice","7":"product_cat-akcija","9":"first","10":"instock","11":"sale","12":"shipping-taxable","13":"purchasable","14":"product-type-simple"},"_links":{"self":[{"href":"https:\/\/teleshop.espresso-kafa.rs\/index.php\/wp-json\/wp\/v2\/product\/10212","targetHints":{"allow":["GET"]}}],"collection":[{"href":"https:\/\/teleshop.espresso-kafa.rs\/index.php\/wp-json\/wp\/v2\/product"}],"about":[{"href":"https:\/\/teleshop.espresso-kafa.rs\/index.php\/wp-json\/wp\/v2\/types\/product"}],"version-history":[{"count":4,"href":"https:\/\/teleshop.espresso-kafa.rs\/index.php\/wp-json\/wp\/v2\/product\/10212\/revisions"}],"predecessor-version":[{"id":10434,"href":"https:\/\/teleshop.espresso-kafa.rs\/index.php\/wp-json\/wp\/v2\/product\/10212\/revisions\/10434"}],"wp:featuredmedia":[{"embeddable":true,"href":"https:\/\/teleshop.espresso-kafa.rs\/index.php\/wp-json\/wp\/v2\/media\/10792"}],"wp:attachment":[{"href":"https:\/\/teleshop.espresso-kafa.rs\/index.php\/wp-json\/wp\/v2\/media?parent=10212"}],"wp:term":[{"taxonomy":"product_cat","embeddable":true,"href":"https:\/\/teleshop.espresso-kafa.rs\/index.php\/wp-json\/wp\/v2\/product_cat?post=10212"},{"taxonomy":"product_tag","embeddable":true,"href":"https:\/\/teleshop.espresso-kafa.rs\/index.php\/wp-json\/wp\/v2\/product_tag?post=10212"}],"curies":[{"name":"wp","href":"https:\/\/api.w.org\/{rel}","templated":true}]}}