{"id":10211,"date":"2023-12-18T15:01:01","date_gmt":"2023-12-18T14:01:01","guid":{"rendered":"https:\/\/teleshop.espresso-kafa.rs\/index.php\/proizvod\/proizvod-16\/"},"modified":"2024-01-15T12:10:27","modified_gmt":"2024-01-15T11:10:27","slug":"proizvod-16","status":"publish","type":"product","link":"https:\/\/teleshop.espresso-kafa.rs\/index.php\/proizvod\/proizvod-16\/","title":{"rendered":"Ogrlica 264"},"content":{"rendered":"<p>Ogrlica u \u017eutoj pozlati. Na sredini ima privezak u formi pletenice ukra\u017eene sjajnim kristalima. Odli\u010dno se sla\u017ee uz elegante odevne kombinacije. Istaknite va\u0161u \u017eenstvenost izborom ba\u0161 ovakve ogrlice.<\/p>\n","protected":false},"excerpt":{"rendered":"<p>Ogrlica u \u017eutoj pozlati. Na sredini ima privezak u formi pletenice ukra\u017eene sjajnim kristalima. Odli\u010dno se sla\u017ee uz elegante odevne<\/p>\n","protected":false},"featured_media":10790,"template":"","meta":[],"product_cat":[221,235],"product_tag":[],"class_list":{"0":"post-10211","1":"product","2":"type-product","3":"status-publish","4":"has-post-thumbnail","6":"product_cat-zenske-ogrlice","7":"product_cat-akcija","9":"first","10":"instock","11":"sale","12":"shipping-taxable","13":"purchasable","14":"product-type-simple"},"_links":{"self":[{"href":"https:\/\/teleshop.espresso-kafa.rs\/index.php\/wp-json\/wp\/v2\/product\/10211","targetHints":{"allow":["GET"]}}],"collection":[{"href":"https:\/\/teleshop.espresso-kafa.rs\/index.php\/wp-json\/wp\/v2\/product"}],"about":[{"href":"https:\/\/teleshop.espresso-kafa.rs\/index.php\/wp-json\/wp\/v2\/types\/product"}],"version-history":[{"count":3,"href":"https:\/\/teleshop.espresso-kafa.rs\/index.php\/wp-json\/wp\/v2\/product\/10211\/revisions"}],"predecessor-version":[{"id":10433,"href":"https:\/\/teleshop.espresso-kafa.rs\/index.php\/wp-json\/wp\/v2\/product\/10211\/revisions\/10433"}],"wp:featuredmedia":[{"embeddable":true,"href":"https:\/\/teleshop.espresso-kafa.rs\/index.php\/wp-json\/wp\/v2\/media\/10790"}],"wp:attachment":[{"href":"https:\/\/teleshop.espresso-kafa.rs\/index.php\/wp-json\/wp\/v2\/media?parent=10211"}],"wp:term":[{"taxonomy":"product_cat","embeddable":true,"href":"https:\/\/teleshop.espresso-kafa.rs\/index.php\/wp-json\/wp\/v2\/product_cat?post=10211"},{"taxonomy":"product_tag","embeddable":true,"href":"https:\/\/teleshop.espresso-kafa.rs\/index.php\/wp-json\/wp\/v2\/product_tag?post=10211"}],"curies":[{"name":"wp","href":"https:\/\/api.w.org\/{rel}","templated":true}]}}