{"id":10194,"date":"2023-12-18T14:49:28","date_gmt":"2023-12-18T13:49:28","guid":{"rendered":"https:\/\/teleshop.espresso-kafa.rs\/index.php\/proizvod\/proizvod-13\/"},"modified":"2024-01-15T12:10:22","modified_gmt":"2024-01-15T11:10:22","slug":"proizvod-13","status":"publish","type":"product","link":"https:\/\/teleshop.espresso-kafa.rs\/index.php\/proizvod\/proizvod-13\/","title":{"rendered":"haljina 261"},"content":{"rendered":"<p>Trendy haljina modernog dizajna u crnoj i beloj boji. Izra\u0111ena od najfinijeg rebrastog pletiva. Uski kroj koji \u0107e ista\u010di va\u0161u fuguru.  Sa prorezom na dekolteu koji je ukra\u0161en sa karkama koji \u0107e naglasti va\u0161 dekolte.boje: crna i bela<\/p>\n","protected":false},"excerpt":{"rendered":"<p>Trendy haljina modernog dizajna u crnoj i beloj boji. Izra\u0111ena od najfinijeg rebrastog pletiva. Uski kroj koji \u0107e ista\u010di va\u0161u<\/p>\n","protected":false},"featured_media":10781,"template":"","meta":[],"product_cat":[248,235],"product_tag":[188],"class_list":{"0":"post-10194","1":"product","2":"type-product","3":"status-publish","4":"has-post-thumbnail","6":"product_cat-haljine-zenska-odeca","7":"product_cat-akcija","8":"product_tag-haljina","10":"first","11":"instock","12":"sale","13":"shipping-taxable","14":"purchasable","15":"product-type-simple"},"_links":{"self":[{"href":"https:\/\/teleshop.espresso-kafa.rs\/index.php\/wp-json\/wp\/v2\/product\/10194","targetHints":{"allow":["GET"]}}],"collection":[{"href":"https:\/\/teleshop.espresso-kafa.rs\/index.php\/wp-json\/wp\/v2\/product"}],"about":[{"href":"https:\/\/teleshop.espresso-kafa.rs\/index.php\/wp-json\/wp\/v2\/types\/product"}],"version-history":[{"count":5,"href":"https:\/\/teleshop.espresso-kafa.rs\/index.php\/wp-json\/wp\/v2\/product\/10194\/revisions"}],"predecessor-version":[{"id":10420,"href":"https:\/\/teleshop.espresso-kafa.rs\/index.php\/wp-json\/wp\/v2\/product\/10194\/revisions\/10420"}],"wp:featuredmedia":[{"embeddable":true,"href":"https:\/\/teleshop.espresso-kafa.rs\/index.php\/wp-json\/wp\/v2\/media\/10781"}],"wp:attachment":[{"href":"https:\/\/teleshop.espresso-kafa.rs\/index.php\/wp-json\/wp\/v2\/media?parent=10194"}],"wp:term":[{"taxonomy":"product_cat","embeddable":true,"href":"https:\/\/teleshop.espresso-kafa.rs\/index.php\/wp-json\/wp\/v2\/product_cat?post=10194"},{"taxonomy":"product_tag","embeddable":true,"href":"https:\/\/teleshop.espresso-kafa.rs\/index.php\/wp-json\/wp\/v2\/product_tag?post=10194"}],"curies":[{"name":"wp","href":"https:\/\/api.w.org\/{rel}","templated":true}]}}