{"id":10193,"date":"2023-12-18T14:49:28","date_gmt":"2023-12-18T13:49:28","guid":{"rendered":"https:\/\/teleshop.espresso-kafa.rs\/index.php\/proizvod\/proizvod-12\/"},"modified":"2024-01-15T12:10:19","modified_gmt":"2024-01-15T11:10:19","slug":"proizvod-12","status":"publish","type":"product","link":"https:\/\/teleshop.espresso-kafa.rs\/index.php\/proizvod\/proizvod-12\/","title":{"rendered":"duksevi 118"},"content":{"rendered":"<p> Le\u017eerna dukserica sa kapullja\u010dom i printom.Mo\u017eete je kombinovati sa farmerkama, helankama ili suknjom. Izre\u0111ene od najfinijih matrijala.<\/p>\n","protected":false},"excerpt":{"rendered":"<p>Le\u017eerna dukserica sa kapullja\u010dom i printom.Mo\u017eete je kombinovati sa farmerkama, helankama ili suknjom. Izre\u0111ene od najfinijih matrijala.<\/p>\n","protected":false},"featured_media":10780,"template":"","meta":[],"product_cat":[241,235],"product_tag":[184],"class_list":{"0":"post-10193","1":"product","2":"type-product","3":"status-publish","4":"has-post-thumbnail","6":"product_cat-duksevi-zenska-odeca","7":"product_cat-akcija","8":"product_tag-duksevi","10":"first","11":"instock","12":"sale","13":"shipping-taxable","14":"purchasable","15":"product-type-simple"},"_links":{"self":[{"href":"https:\/\/teleshop.espresso-kafa.rs\/index.php\/wp-json\/wp\/v2\/product\/10193","targetHints":{"allow":["GET"]}}],"collection":[{"href":"https:\/\/teleshop.espresso-kafa.rs\/index.php\/wp-json\/wp\/v2\/product"}],"about":[{"href":"https:\/\/teleshop.espresso-kafa.rs\/index.php\/wp-json\/wp\/v2\/types\/product"}],"version-history":[{"count":5,"href":"https:\/\/teleshop.espresso-kafa.rs\/index.php\/wp-json\/wp\/v2\/product\/10193\/revisions"}],"predecessor-version":[{"id":10419,"href":"https:\/\/teleshop.espresso-kafa.rs\/index.php\/wp-json\/wp\/v2\/product\/10193\/revisions\/10419"}],"wp:featuredmedia":[{"embeddable":true,"href":"https:\/\/teleshop.espresso-kafa.rs\/index.php\/wp-json\/wp\/v2\/media\/10780"}],"wp:attachment":[{"href":"https:\/\/teleshop.espresso-kafa.rs\/index.php\/wp-json\/wp\/v2\/media?parent=10193"}],"wp:term":[{"taxonomy":"product_cat","embeddable":true,"href":"https:\/\/teleshop.espresso-kafa.rs\/index.php\/wp-json\/wp\/v2\/product_cat?post=10193"},{"taxonomy":"product_tag","embeddable":true,"href":"https:\/\/teleshop.espresso-kafa.rs\/index.php\/wp-json\/wp\/v2\/product_tag?post=10193"}],"curies":[{"name":"wp","href":"https:\/\/api.w.org\/{rel}","templated":true}]}}