{"id":10192,"date":"2023-12-18T14:49:28","date_gmt":"2023-12-18T13:49:28","guid":{"rendered":"https:\/\/teleshop.espresso-kafa.rs\/index.php\/proizvod\/proizvod-11\/"},"modified":"2024-01-15T12:10:17","modified_gmt":"2024-01-15T11:10:17","slug":"proizvod-11","status":"publish","type":"product","link":"https:\/\/teleshop.espresso-kafa.rs\/index.php\/proizvod\/proizvod-11\/","title":{"rendered":"duksevi 117"},"content":{"rendered":"<p> Dukserica sa modernim printom i kapulja\u010dom. Bilo da nositi uz farmerke ili \u010dizme za le\u017eerni izgled, ili uz visoke potpetice i sako za ne\u0161to formalniji izgled, odli\u010dne su za prelazno vreme kada nije prevru\u0107e ili previ\u0161e hladno, a mogu se nositi sa ko\u0161uljama i jaknama.<\/p>\n","protected":false},"excerpt":{"rendered":"<p>Dukserica sa modernim printom i kapulja\u010dom. Bilo da nositi uz farmerke ili \u010dizme za le\u017eerni izgled, ili uz visoke potpetice<\/p>\n","protected":false},"featured_media":10779,"template":"","meta":[],"product_cat":[241,235],"product_tag":[184],"class_list":{"0":"post-10192","1":"product","2":"type-product","3":"status-publish","4":"has-post-thumbnail","6":"product_cat-duksevi-zenska-odeca","7":"product_cat-akcija","8":"product_tag-duksevi","10":"first","11":"instock","12":"sale","13":"shipping-taxable","14":"purchasable","15":"product-type-simple"},"_links":{"self":[{"href":"https:\/\/teleshop.espresso-kafa.rs\/index.php\/wp-json\/wp\/v2\/product\/10192","targetHints":{"allow":["GET"]}}],"collection":[{"href":"https:\/\/teleshop.espresso-kafa.rs\/index.php\/wp-json\/wp\/v2\/product"}],"about":[{"href":"https:\/\/teleshop.espresso-kafa.rs\/index.php\/wp-json\/wp\/v2\/types\/product"}],"version-history":[{"count":5,"href":"https:\/\/teleshop.espresso-kafa.rs\/index.php\/wp-json\/wp\/v2\/product\/10192\/revisions"}],"predecessor-version":[{"id":10418,"href":"https:\/\/teleshop.espresso-kafa.rs\/index.php\/wp-json\/wp\/v2\/product\/10192\/revisions\/10418"}],"wp:featuredmedia":[{"embeddable":true,"href":"https:\/\/teleshop.espresso-kafa.rs\/index.php\/wp-json\/wp\/v2\/media\/10779"}],"wp:attachment":[{"href":"https:\/\/teleshop.espresso-kafa.rs\/index.php\/wp-json\/wp\/v2\/media?parent=10192"}],"wp:term":[{"taxonomy":"product_cat","embeddable":true,"href":"https:\/\/teleshop.espresso-kafa.rs\/index.php\/wp-json\/wp\/v2\/product_cat?post=10192"},{"taxonomy":"product_tag","embeddable":true,"href":"https:\/\/teleshop.espresso-kafa.rs\/index.php\/wp-json\/wp\/v2\/product_tag?post=10192"}],"curies":[{"name":"wp","href":"https:\/\/api.w.org\/{rel}","templated":true}]}}