{"id":10191,"date":"2023-12-18T14:49:28","date_gmt":"2023-12-18T13:49:28","guid":{"rendered":"https:\/\/teleshop.espresso-kafa.rs\/index.php\/proizvod\/proizvod-10\/"},"modified":"2024-01-15T12:10:15","modified_gmt":"2024-01-15T11:10:15","slug":"proizvod-10","status":"publish","type":"product","link":"https:\/\/teleshop.espresso-kafa.rs\/index.php\/proizvod\/proizvod-10\/","title":{"rendered":"duksevi 116"},"content":{"rendered":"<p> Dukerice sa printom i kapulja\u010dom. Ukoliko \u017eelite da izgledate druga\u010dije i izradite jedinstven stil ovaj duks je odli\u010dan izbor, print \u0107e dati posebnost va\u0161em izgledu.<\/p>\n","protected":false},"excerpt":{"rendered":"<p>Dukerice sa printom i kapulja\u010dom. Ukoliko \u017eelite da izgledate druga\u010dije i izradite jedinstven stil ovaj duks je odli\u010dan izbor, print<\/p>\n","protected":false},"featured_media":10778,"template":"","meta":[],"product_cat":[241,235],"product_tag":[184],"class_list":{"0":"post-10191","1":"product","2":"type-product","3":"status-publish","4":"has-post-thumbnail","6":"product_cat-duksevi-zenska-odeca","7":"product_cat-akcija","8":"product_tag-duksevi","10":"first","11":"instock","12":"sale","13":"shipping-taxable","14":"purchasable","15":"product-type-simple"},"_links":{"self":[{"href":"https:\/\/teleshop.espresso-kafa.rs\/index.php\/wp-json\/wp\/v2\/product\/10191","targetHints":{"allow":["GET"]}}],"collection":[{"href":"https:\/\/teleshop.espresso-kafa.rs\/index.php\/wp-json\/wp\/v2\/product"}],"about":[{"href":"https:\/\/teleshop.espresso-kafa.rs\/index.php\/wp-json\/wp\/v2\/types\/product"}],"version-history":[{"count":5,"href":"https:\/\/teleshop.espresso-kafa.rs\/index.php\/wp-json\/wp\/v2\/product\/10191\/revisions"}],"predecessor-version":[{"id":10417,"href":"https:\/\/teleshop.espresso-kafa.rs\/index.php\/wp-json\/wp\/v2\/product\/10191\/revisions\/10417"}],"wp:featuredmedia":[{"embeddable":true,"href":"https:\/\/teleshop.espresso-kafa.rs\/index.php\/wp-json\/wp\/v2\/media\/10778"}],"wp:attachment":[{"href":"https:\/\/teleshop.espresso-kafa.rs\/index.php\/wp-json\/wp\/v2\/media?parent=10191"}],"wp:term":[{"taxonomy":"product_cat","embeddable":true,"href":"https:\/\/teleshop.espresso-kafa.rs\/index.php\/wp-json\/wp\/v2\/product_cat?post=10191"},{"taxonomy":"product_tag","embeddable":true,"href":"https:\/\/teleshop.espresso-kafa.rs\/index.php\/wp-json\/wp\/v2\/product_tag?post=10191"}],"curies":[{"name":"wp","href":"https:\/\/api.w.org\/{rel}","templated":true}]}}