{"id":10189,"date":"2023-12-18T14:49:27","date_gmt":"2023-12-18T13:49:27","guid":{"rendered":"https:\/\/teleshop.espresso-kafa.rs\/index.php\/proizvod\/proizvod-8\/"},"modified":"2024-01-15T12:10:05","modified_gmt":"2024-01-15T11:10:05","slug":"proizvod-8","status":"publish","type":"product","link":"https:\/\/teleshop.espresso-kafa.rs\/index.php\/proizvod\/proizvod-8\/","title":{"rendered":"duksevi 114"},"content":{"rendered":"<p> Moderna dukserica, opu\u0161tenog kroja sa kapulja\u010dom . Dostupna u crnoj i beloj boji sa natpisom. Ako birate udobnost ponesite neku od dukserica jer \u010dete je ukombinovati uz svaki komad ode\u0107e<\/p>\n","protected":false},"excerpt":{"rendered":"<p>Moderna dukserica, opu\u0161tenog kroja sa kapulja\u010dom . Dostupna u crnoj i beloj boji sa natpisom. Ako birate udobnost ponesite neku<\/p>\n","protected":false},"featured_media":10776,"template":"","meta":[],"product_cat":[241,235],"product_tag":[184],"class_list":{"0":"post-10189","1":"product","2":"type-product","3":"status-publish","4":"has-post-thumbnail","6":"product_cat-duksevi-zenska-odeca","7":"product_cat-akcija","8":"product_tag-duksevi","10":"first","11":"instock","12":"sale","13":"shipping-taxable","14":"purchasable","15":"product-type-simple"},"_links":{"self":[{"href":"https:\/\/teleshop.espresso-kafa.rs\/index.php\/wp-json\/wp\/v2\/product\/10189","targetHints":{"allow":["GET"]}}],"collection":[{"href":"https:\/\/teleshop.espresso-kafa.rs\/index.php\/wp-json\/wp\/v2\/product"}],"about":[{"href":"https:\/\/teleshop.espresso-kafa.rs\/index.php\/wp-json\/wp\/v2\/types\/product"}],"version-history":[{"count":5,"href":"https:\/\/teleshop.espresso-kafa.rs\/index.php\/wp-json\/wp\/v2\/product\/10189\/revisions"}],"predecessor-version":[{"id":10415,"href":"https:\/\/teleshop.espresso-kafa.rs\/index.php\/wp-json\/wp\/v2\/product\/10189\/revisions\/10415"}],"wp:featuredmedia":[{"embeddable":true,"href":"https:\/\/teleshop.espresso-kafa.rs\/index.php\/wp-json\/wp\/v2\/media\/10776"}],"wp:attachment":[{"href":"https:\/\/teleshop.espresso-kafa.rs\/index.php\/wp-json\/wp\/v2\/media?parent=10189"}],"wp:term":[{"taxonomy":"product_cat","embeddable":true,"href":"https:\/\/teleshop.espresso-kafa.rs\/index.php\/wp-json\/wp\/v2\/product_cat?post=10189"},{"taxonomy":"product_tag","embeddable":true,"href":"https:\/\/teleshop.espresso-kafa.rs\/index.php\/wp-json\/wp\/v2\/product_tag?post=10189"}],"curies":[{"name":"wp","href":"https:\/\/api.w.org\/{rel}","templated":true}]}}