{"id":10187,"date":"2023-12-18T14:49:27","date_gmt":"2023-12-18T13:49:27","guid":{"rendered":"https:\/\/teleshop.espresso-kafa.rs\/index.php\/proizvod\/proizvod-6\/"},"modified":"2024-01-15T12:09:59","modified_gmt":"2024-01-15T11:09:59","slug":"proizvod-6","status":"publish","type":"product","link":"https:\/\/teleshop.espresso-kafa.rs\/index.php\/proizvod\/proizvod-6\/","title":{"rendered":"duksevi 112"},"content":{"rendered":"<p>Modrena opu\u0161tena dukserica sa kapulja\u010dom od finog pamuka sa natpisom. Izgledajte uvek moderno, bilo da je kombinujete uz farmerke , helanke ili trenerke uvek \u0107ete izgledati trendy. sastav :pamuk<\/p>\n","protected":false},"excerpt":{"rendered":"<p>Modrena opu\u0161tena dukserica sa kapulja\u010dom od finog pamuka sa natpisom. Izgledajte uvek moderno, bilo da je kombinujete uz farmerke ,<\/p>\n","protected":false},"featured_media":10774,"template":"","meta":[],"product_cat":[241,235],"product_tag":[184],"class_list":{"0":"post-10187","1":"product","2":"type-product","3":"status-publish","4":"has-post-thumbnail","6":"product_cat-duksevi-zenska-odeca","7":"product_cat-akcija","8":"product_tag-duksevi","10":"first","11":"instock","12":"sale","13":"shipping-taxable","14":"purchasable","15":"product-type-simple"},"_links":{"self":[{"href":"https:\/\/teleshop.espresso-kafa.rs\/index.php\/wp-json\/wp\/v2\/product\/10187","targetHints":{"allow":["GET"]}}],"collection":[{"href":"https:\/\/teleshop.espresso-kafa.rs\/index.php\/wp-json\/wp\/v2\/product"}],"about":[{"href":"https:\/\/teleshop.espresso-kafa.rs\/index.php\/wp-json\/wp\/v2\/types\/product"}],"version-history":[{"count":5,"href":"https:\/\/teleshop.espresso-kafa.rs\/index.php\/wp-json\/wp\/v2\/product\/10187\/revisions"}],"predecessor-version":[{"id":10413,"href":"https:\/\/teleshop.espresso-kafa.rs\/index.php\/wp-json\/wp\/v2\/product\/10187\/revisions\/10413"}],"wp:featuredmedia":[{"embeddable":true,"href":"https:\/\/teleshop.espresso-kafa.rs\/index.php\/wp-json\/wp\/v2\/media\/10774"}],"wp:attachment":[{"href":"https:\/\/teleshop.espresso-kafa.rs\/index.php\/wp-json\/wp\/v2\/media?parent=10187"}],"wp:term":[{"taxonomy":"product_cat","embeddable":true,"href":"https:\/\/teleshop.espresso-kafa.rs\/index.php\/wp-json\/wp\/v2\/product_cat?post=10187"},{"taxonomy":"product_tag","embeddable":true,"href":"https:\/\/teleshop.espresso-kafa.rs\/index.php\/wp-json\/wp\/v2\/product_tag?post=10187"}],"curies":[{"name":"wp","href":"https:\/\/api.w.org\/{rel}","templated":true}]}}