{"id":10186,"date":"2023-12-18T14:49:27","date_gmt":"2023-12-18T13:49:27","guid":{"rendered":"https:\/\/teleshop.espresso-kafa.rs\/index.php\/proizvod\/proizvod-5\/"},"modified":"2024-01-15T12:09:57","modified_gmt":"2024-01-15T11:09:57","slug":"proizvod-5","status":"publish","type":"product","link":"https:\/\/teleshop.espresso-kafa.rs\/index.php\/proizvod\/proizvod-5\/","title":{"rendered":"d\u017eemper-rolka 111"},"content":{"rendered":"<p>Moderan i topao d\u017eemper sa viskokom kragnom. Lako ga mo\u017eete kombinovat uz pantalone ili suknje. Poka\u017eite svima oko sebe da ste dama od stila. D\u017eemper na pruge je \u0161ireg kroja pa je savr\u0161en za svaku figuru.Boje : crvena, bela, roze, ljubi\u010dasta<\/p>\n","protected":false},"excerpt":{"rendered":"<p>Moderan i topao d\u017eemper sa viskokom kragnom. Lako ga mo\u017eete kombinovat uz pantalone ili suknje. Poka\u017eite svima oko sebe da<\/p>\n","protected":false},"featured_media":10773,"template":"","meta":[],"product_cat":[247,254,235],"product_tag":[192],"class_list":{"0":"post-10186","1":"product","2":"type-product","3":"status-publish","4":"has-post-thumbnail","6":"product_cat-tunike","7":"product_cat-dzemperi","8":"product_cat-akcija","9":"product_tag-dzemper-rolka","11":"first","12":"instock","13":"sale","14":"shipping-taxable","15":"purchasable","16":"product-type-simple"},"_links":{"self":[{"href":"https:\/\/teleshop.espresso-kafa.rs\/index.php\/wp-json\/wp\/v2\/product\/10186","targetHints":{"allow":["GET"]}}],"collection":[{"href":"https:\/\/teleshop.espresso-kafa.rs\/index.php\/wp-json\/wp\/v2\/product"}],"about":[{"href":"https:\/\/teleshop.espresso-kafa.rs\/index.php\/wp-json\/wp\/v2\/types\/product"}],"version-history":[{"count":5,"href":"https:\/\/teleshop.espresso-kafa.rs\/index.php\/wp-json\/wp\/v2\/product\/10186\/revisions"}],"predecessor-version":[{"id":10412,"href":"https:\/\/teleshop.espresso-kafa.rs\/index.php\/wp-json\/wp\/v2\/product\/10186\/revisions\/10412"}],"wp:featuredmedia":[{"embeddable":true,"href":"https:\/\/teleshop.espresso-kafa.rs\/index.php\/wp-json\/wp\/v2\/media\/10773"}],"wp:attachment":[{"href":"https:\/\/teleshop.espresso-kafa.rs\/index.php\/wp-json\/wp\/v2\/media?parent=10186"}],"wp:term":[{"taxonomy":"product_cat","embeddable":true,"href":"https:\/\/teleshop.espresso-kafa.rs\/index.php\/wp-json\/wp\/v2\/product_cat?post=10186"},{"taxonomy":"product_tag","embeddable":true,"href":"https:\/\/teleshop.espresso-kafa.rs\/index.php\/wp-json\/wp\/v2\/product_tag?post=10186"}],"curies":[{"name":"wp","href":"https:\/\/api.w.org\/{rel}","templated":true}]}}