{"id":10183,"date":"2023-12-18T14:49:27","date_gmt":"2023-12-18T13:49:27","guid":{"rendered":"https:\/\/teleshop.espresso-kafa.rs\/index.php\/proizvod\/proizvod-2\/"},"modified":"2024-01-15T12:09:50","modified_gmt":"2024-01-15T11:09:50","slug":"proizvod-2","status":"publish","type":"product","link":"https:\/\/teleshop.espresso-kafa.rs\/index.php\/proizvod\/proizvod-2\/","title":{"rendered":"bluza 108"},"content":{"rendered":"<p>Ne\u017ena \u017eenska bluza od nafinijeg rebrastog pletiva. Atraktivnog izgleda, izra\u0111en od kvalitetnog i mekog materijala. Uskog je kroja i nagla\u0161ava figuru sa prorezom na dekolteu. Izbor svih koje \u0107ele da budu prime\u0107ene.<\/p>\n","protected":false},"excerpt":{"rendered":"<p>Ne\u017ena \u017eenska bluza od nafinijeg rebrastog pletiva. Atraktivnog izgleda, izra\u0111en od kvalitetnog i mekog materijala. Uskog je kroja i nagla\u0161ava<\/p>\n","protected":false},"featured_media":10770,"template":"","meta":[],"product_cat":[245,235],"product_tag":[182],"class_list":{"0":"post-10183","1":"product","2":"type-product","3":"status-publish","4":"has-post-thumbnail","6":"product_cat-bluze","7":"product_cat-akcija","8":"product_tag-bluza","10":"first","11":"instock","12":"sale","13":"shipping-taxable","14":"purchasable","15":"product-type-simple"},"_links":{"self":[{"href":"https:\/\/teleshop.espresso-kafa.rs\/index.php\/wp-json\/wp\/v2\/product\/10183","targetHints":{"allow":["GET"]}}],"collection":[{"href":"https:\/\/teleshop.espresso-kafa.rs\/index.php\/wp-json\/wp\/v2\/product"}],"about":[{"href":"https:\/\/teleshop.espresso-kafa.rs\/index.php\/wp-json\/wp\/v2\/types\/product"}],"version-history":[{"count":5,"href":"https:\/\/teleshop.espresso-kafa.rs\/index.php\/wp-json\/wp\/v2\/product\/10183\/revisions"}],"predecessor-version":[{"id":10409,"href":"https:\/\/teleshop.espresso-kafa.rs\/index.php\/wp-json\/wp\/v2\/product\/10183\/revisions\/10409"}],"wp:featuredmedia":[{"embeddable":true,"href":"https:\/\/teleshop.espresso-kafa.rs\/index.php\/wp-json\/wp\/v2\/media\/10770"}],"wp:attachment":[{"href":"https:\/\/teleshop.espresso-kafa.rs\/index.php\/wp-json\/wp\/v2\/media?parent=10183"}],"wp:term":[{"taxonomy":"product_cat","embeddable":true,"href":"https:\/\/teleshop.espresso-kafa.rs\/index.php\/wp-json\/wp\/v2\/product_cat?post=10183"},{"taxonomy":"product_tag","embeddable":true,"href":"https:\/\/teleshop.espresso-kafa.rs\/index.php\/wp-json\/wp\/v2\/product_tag?post=10183"}],"curies":[{"name":"wp","href":"https:\/\/api.w.org\/{rel}","templated":true}]}}