{"id":14,"date":"2023-12-22T08:34:47","date_gmt":"2023-12-22T07:34:47","guid":{"rendered":"http:\/\/teleshop.espresso-kafa.rs\/?page_id=14"},"modified":"2023-12-22T11:09:08","modified_gmt":"2023-12-22T10:09:08","slug":"politika-refundiranja-i-vracanja","status":"publish","type":"page","link":"https:\/\/teleshop.espresso-kafa.rs\/index.php\/politika-refundiranja-i-vracanja\/","title":{"rendered":"Reklamacije i povrati"},"content":{"rendered":"\t\t<div data-elementor-type=\"wp-page\" data-elementor-id=\"14\" class=\"elementor elementor-14\">\n\t\t\t\t<div class=\"wd-negative-gap elementor-element elementor-element-bb9df9f e-flex e-con-boxed e-con e-parent\" data-id=\"bb9df9f\" data-element_type=\"container\">\n\t\t\t\t\t<div class=\"e-con-inner\">\n\t\t\t\t<div class=\"elementor-element elementor-element-d2c26ac wd-width-100 elementor-widget elementor-widget-wd_title\" data-id=\"d2c26ac\" data-element_type=\"widget\" data-widget_type=\"wd_title.default\">\n\t\t\t\t<div class=\"elementor-widget-container\">\n\t\t\t\t\t<div class=\"title-wrapper set-mb-s reset-last-child wd-title-color-default wd-title-style-default wd-title-size-default text-center\">\n\n\t\t\t\n\t\t\t<div class=\"liner-continer\">\n\t\t\t\t<h4 class=\"woodmart-title-container title wd-fontsize-l\">Reklamacije i povrati<\/h4> \n\t\t\t\t\t\t\t<\/div>\n\n\t\t\t\t\t<\/div>\n\t\t\t\t<\/div>\n\t\t\t\t<\/div>\n\t\t\t\t<div class=\"elementor-element elementor-element-12dbd5f elementor-widget elementor-widget-wd_text_block\" data-id=\"12dbd5f\" data-element_type=\"widget\" data-widget_type=\"wd_text_block.default\">\n\t\t\t\t<div class=\"elementor-widget-container\">\n\t\t\t\t\t<div class=\"wd-text-block reset-last-child text-left\">\n\t\t\t\n\t\t\t<h3 class=\"western\"><strong><span style=\"color: #292929;\"><span style=\"font-family: Manrope, Helvetica, sans-serif;\"><span style=\"font-size: small;\"><b>Reklamacije<\/b><\/span><\/span><\/span><\/strong><\/h3><p><span style=\"color: #4c4e4e;\"><span style=\"font-family: Manrope, Helvetica, sans-serif;\"><span style=\"font-size: small;\">Ukoliko \u017eelite da izjavite reklamaciju u vezi sa bilo kojim proizvodom koji ste kupili putem na\u0161eg sajta, pogre\u0161no obra\u010dunatom cenom ili nekim drugim nedostatkom, pozovite <\/span><\/span><\/span><span style=\"color: #4c4e4e;\"><span style=\"font-family: Manrope, Helvetica, sans-serif;\"><span style=\"font-size: small;\">Teleshop<\/span><\/span><\/span><span style=\"color: #4c4e4e;\"><span style=\"font-family: Manrope, Helvetica, sans-serif;\"><span style=\"font-size: small;\"> slu\u017ebu podr\u0161ke na broj telefona <a href=\"tel:+381 11 123 4567\">+381 11 123 4567<\/a><\/span><\/span><\/span><span style=\"color: #4c4e4e;\"><span style=\"font-family: Manrope, Helvetica, sans-serif;\"><span style=\"font-size: small;\"> , ili nam po\u0161aljite e-mail na\u00a0<\/span><\/span><\/span><a href=\"#\"><span style=\"font-family: Manrope, Helvetica, sans-serif;\"><span style=\"font-size: small;\">podrska-rs@<\/span><\/span><span style=\"font-family: Manrope, Helvetica, sans-serif;\"><span style=\"font-size: small;\">teleshop.rs<\/span><\/span><\/a><span style=\"color: #4c4e4e;\"><span style=\"font-family: Manrope, Helvetica, sans-serif;\"><span style=\"font-size: small;\">, ili nas kontaktirajte preko kontakt forme na strani \u201eKorisni\u010dka podr\u0161ka\u201d. Sve \u0161to je potrebno da biste ostvarili svoje pravo na reklamaciju je dokaz o kupovini spornog proizvoda. Uz svaku po\u0161iljku dobi\u0107ete dokumentaciju koja vam mo\u017ee poslu\u017eiti kao dokaz o kupovini I zato je va\u017eno da je sa\u010duvate sve do isteka perioda od dve godine koliko je prodavac odgovoran za nesaobraznost proizvoda, odnosno sve dok va\u017ei garantni period u slu\u010daju da je proizvo\u0111a\u010d proizvoda izdao garantni list. Molimo Vas da sa\u010duvate originalnu ambala\u017eu.<\/span><\/span><\/span><\/p><p><span style=\"color: #4c4e4e;\"><span style=\"font-family: Manrope, Helvetica, sans-serif;\"><span style=\"font-size: small;\">Kada nam izjavite reklamaciju, du\u017eni smo da Vam potvrdimo prijem reklamacije i saop\u0161timo broj pod kojim je zavedena u na\u0161oj evidenciji.<\/span><\/span><\/span><br \/><span style=\"color: #4c4e4e;\"><span style=\"font-family: Manrope, Helvetica, sans-serif;\"><span style=\"font-size: small;\">Du\u017eni smo da Vam najkasnije u roku od 8 dana odgovorimo na reklamaciju. Va\u017eno je da znate da \u0107emo rok od 8 dana ra\u010dunati od trenutka kada nam po\u0161aljete robu na dogovorenu adresu, jer tek po prijemu robe mo\u017eemo da utvrdimo da li postoji nedostatak. <\/span><\/span><\/span><span style=\"color: #4c4e4e;\"><span style=\"font-family: Manrope, Helvetica, sans-serif;\"><span style=\"font-size: small;\">Teleshop<\/span><\/span><\/span><span style=\"color: #4c4e4e;\"><span style=\"font-family: Manrope, Helvetica, sans-serif;\"><span style=\"font-size: small;\"> sara\u0111uje sa po\u0161tanskim operaterom DExpress, preko koga nam besplatno mo\u017eete poslati proizvod na adresu koju \u0107emo Vam saop\u0161titi po prijemu Va\u0161e reklamacije. Na\u0161 odgovor \u0107e sadr\u017eati odluku da li prihvatamo Va\u0161u reklamaciju, izja\u0161njenje i konkretan predlog i rok za re\u0161avanje reklamacije. Ukoliko prihvatimo Va\u0161u reklamaciju, du\u017eni smo da je re\u0161imo u narednih 15, odnosno 30 dana za tehni\u010dku robu. Ako postoje pote\u0161ko\u0107e u re\u0161avanju reklamacije, tra\u017ei\u0107emo Va\u0161u saglasnost za produ\u017eenje roka za re\u0161avanje.<\/span><\/span><\/span><br \/><span style=\"color: #4c4e4e;\"><span style=\"font-family: Manrope, Helvetica, sans-serif;\"><span style=\"font-size: small;\">Ukoliko ne prihvatimo Va\u0161u reklamaciju (npr. ukoliko ste Vi sami doprineli kvaru rukovanjem suprotno uputstvu ili ukoliko su popravke proizvoda vr\u0161ila neovla\u0161\u0107ena lica), Vi \u0107ete snositi tro\u0161ak slanja robe i tro\u0161kove dijagnostike kvara prema cenovniku ovla\u0161\u0107enog servisa.<\/span><\/span><\/span><br \/><span style=\"color: #4c4e4e;\"><span style=\"font-family: Manrope, Helvetica, sans-serif;\"><span style=\"font-size: small;\">Ukoliko se slu\u010dajno desi da nakon odre\u0111enog vremena kori\u0161\u0107enja proizvod prestane sa radom u garantnom roku, savetujemo Vam da prvo proverite servisnu mre\u017eu proizvo\u0111a\u010da tog proizvoda. Ukoliko ste u bilo kakvoj nedoumici, slobodno nas kontaktirajte i dobi\u0107ete konkretna uputstva kako da ostvarite reklamaciju u vezi sa garancijom proizvo\u0111a\u010da.<\/span><\/span><\/span><br \/><span style=\"color: #4c4e4e;\"><span style=\"font-family: Manrope, Helvetica, sans-serif;\"><span style=\"font-size: small;\">Ukoliko Vam je stigla o\u0161te\u0107ena po\u0161iljka, molimo Vas da nam najkasnije u roku od 24h od trenutka prijema proizvoda prijavite eventualna o\u0161te\u0107enja nastala u transportu, nedostajanje nekih delova ili neispravnost proizvoda. Primljenu robu ste du\u017eni da proverite po preuzimanju od kurira i ako je do\u0161lo do gre\u0161ke, potrudi\u0107emo se da je u najkra\u0107em mogu\u0107em roku ispravimo. Ukoliko na ambala\u017ei ima vidnih tragova o\u0161te\u0107enja, savetujemo Vam da takvu po\u0161iljku ne preuzimate.<\/span><\/span><\/span><\/p><p><span style=\"color: #4c4e4e;\"><span style=\"font-family: Manrope, Helvetica, sans-serif;\"><span style=\"font-size: small;\">O svim detaljima vezanim za nesaobraznost proizvoda, te o na\u010dinu na koji se reklamacija mo\u017ee re\u0161iti, upoznajte se u odeljku Op\u0161ti uslovi gde su detaljnije obja\u0161njena Va\u0161a prava propisana Zakonom o za\u0161titi potro\u0161a\u010da.<\/span><\/span><\/span><br \/><span style=\"color: #4c4e4e;\">\u00a0<\/span><\/p><h3 class=\"western\"><strong><span style=\"color: #292929;\"><span style=\"font-family: Manrope, Helvetica, sans-serif;\"><span style=\"font-size: small;\"><b>Povrati<\/b><\/span><\/span><\/span><\/strong><\/h3><p><span style=\"color: #4c4e4e;\"><span style=\"font-family: Manrope, Helvetica, sans-serif;\"><span style=\"font-size: small;\">Ukoliko ste se jednostavno predomislili i \u017eelite da vratite proizvod ili \u017eelite da zamenite boju\/veli\u010dinu artikla, to mo\u017eete u\u010diniti u roku od 14 dana od trenutka prijema po\u0161iljke popunjavanjem obrasca koji mo\u017eete preuzeti\u00a0<\/span><\/span><\/span><a href=\"#\"><span style=\"font-family: Manrope, Helvetica, sans-serif;\"><span style=\"font-size: small;\">ovde<\/span><\/span><span style=\"color: #4c4e4e;\"><span style=\"font-family: Manrope, Helvetica, sans-serif;\"><span style=\"font-size: small;\">.<\/span><\/span><\/span><\/a><br \/><span style=\"color: #4c4e4e;\"><span style=\"font-family: Manrope, Helvetica, sans-serif;\"><span style=\"font-size: small;\">Va\u017eno je da znate da ste u tom slu\u010daju du\u017eni da snosite tro\u0161kove povrata robe.<\/span><\/span><\/span><\/p><p><span style=\"color: #4c4e4e;\"><span style=\"font-family: Manrope, Helvetica, sans-serif;\"><span style=\"font-size: small;\">Proizvod\u00a0 koji vra\u0107ate mora biti u originalnoj ambala\u017ei i bez vidljivih tragova kori\u0161\u0107enja sa svom prate\u0107om dokumentacijom. Kontaktirajte na\u0161u slu\u017ebu podr\u0161ke da biste dobili informaciju o adresi na koju treba da vratite artikal. Va\u0161a obaveza je da ga vratite u roku od 14 dana od datuma kada ste nam dostavili popunjen obrazac ili nas na drugi na\u010din obavestili da odustajete od kupovine. Odgovorni ste za umanjenu vrednost robe koja nastane kao posledica rukovanja robom na na\u010din koji nije adekvatan.<\/span><\/span><\/span><br \/><span style=\"color: #4c4e4e;\"><span style=\"font-family: Manrope, Helvetica, sans-serif;\"><span style=\"font-size: small;\">Mi \u0107emo vam najkasnije u roku od 14 dana od dana prijema popunjenog obrasca ili drugog vida obave\u0161tenja vratiti upla\u0107en iznos. Uplatu iznosa mo\u017eemo odlo\u017eiti sve dok ne primimo robu koju nam vra\u0107ate ili dok nam ne po\u0161aljete dokaz da ste nam poslali nazad robu. O\u010dekivani rok za povrat sredstava je u tom slu\u010daju od 3 do 7 radnih dana od trenutka prijema proizvoda.<\/span><\/span><\/span><br \/><span style=\"color: #4c4e4e;\"><span style=\"font-family: Manrope, Helvetica, sans-serif;\"><span style=\"font-size: small;\">Povrat nov\u010danih sredstava zavisi od na\u010dina pla\u0107anja:<\/span><\/span><\/span><\/p><ul><li><p><span style=\"color: #4c4e4e;\"><span style=\"font-family: Manrope, Helvetica, sans-serif;\"><span style=\"font-size: small;\">ukoliko je narud\u017ebina pla\u0107ena platnom karticom, povrat novca \u0107e se izvr\u0161iti refundacijom sredstava na karticu;<\/span><\/span><\/span><\/p><\/li><li><p><span style=\"color: #4c4e4e;\"><span style=\"font-family: Manrope, Helvetica, sans-serif;\"><span style=\"font-size: small;\">ukoliko je narud\u017ebina pla\u0107ena na bilo koji drugi na\u010din (pouze\u0107e, e-banking, uplatnica) nov\u010dana sredstva \u0107e biti upla\u0107ena isklju\u010divo na teku\u0107i ra\u010dun kupca, pa je neophodno da nam dostavite broj teku\u0107eg ra\u010duna e-mailom kako bismo nesmetano izvr\u0161ili povrat sredstava.<\/span><\/span><\/span><\/p><\/li><\/ul><p><span style=\"color: #4c4e4e;\"><span style=\"font-family: Manrope, Helvetica, sans-serif;\"><span style=\"font-size: small;\">Za vi\u0161e detalja, pogledajte na\u0161e\u00a0<\/span><\/span><\/span><a href=\"https:\/\/teleshop.espresso-kafa.rs\/index.php\/uslovi-koriscenja\/\" target=\"_blank\" rel=\"noopener\"><span style=\"font-family: Manrope, Helvetica, sans-serif;\"><span style=\"font-size: small;\">Op\u0161te uslove<\/span><\/span><\/a><span style=\"color: #4c4e4e;\"><span style=\"font-family: Manrope, Helvetica, sans-serif;\"><span style=\"font-size: small;\">.<\/span><\/span><\/span><\/p>\n\t\t\t\t\t<\/div>\n\t\t\t\t<\/div>\n\t\t\t\t<\/div>\n\t\t\t\t\t<\/div>\n\t\t\t\t<\/div>\n\t\t\t\t<\/div>\n\t\t","protected":false},"excerpt":{"rendered":"<p>Reklamacije i povrati Reklamacije Ukoliko \u017eelite da izjavite reklamaciju u vezi sa bilo kojim proizvodom koji ste kupili putem na\u0161eg<\/p>\n","protected":false},"author":1,"featured_media":0,"parent":0,"menu_order":0,"comment_status":"closed","ping_status":"closed","template":"","meta":{"footnotes":""},"class_list":["post-14","page","type-page","status-publish","hentry"],"_links":{"self":[{"href":"https:\/\/teleshop.espresso-kafa.rs\/index.php\/wp-json\/wp\/v2\/pages\/14","targetHints":{"allow":["GET"]}}],"collection":[{"href":"https:\/\/teleshop.espresso-kafa.rs\/index.php\/wp-json\/wp\/v2\/pages"}],"about":[{"href":"https:\/\/teleshop.espresso-kafa.rs\/index.php\/wp-json\/wp\/v2\/types\/page"}],"author":[{"embeddable":true,"href":"https:\/\/teleshop.espresso-kafa.rs\/index.php\/wp-json\/wp\/v2\/users\/1"}],"replies":[{"embeddable":true,"href":"https:\/\/teleshop.espresso-kafa.rs\/index.php\/wp-json\/wp\/v2\/comments?post=14"}],"version-history":[{"count":5,"href":"https:\/\/teleshop.espresso-kafa.rs\/index.php\/wp-json\/wp\/v2\/pages\/14\/revisions"}],"predecessor-version":[{"id":10619,"href":"https:\/\/teleshop.espresso-kafa.rs\/index.php\/wp-json\/wp\/v2\/pages\/14\/revisions\/10619"}],"wp:attachment":[{"href":"https:\/\/teleshop.espresso-kafa.rs\/index.php\/wp-json\/wp\/v2\/media?parent=14"}],"curies":[{"name":"wp","href":"https:\/\/api.w.org\/{rel}","templated":true}]}}