{"id":10110,"date":"2023-12-12T11:40:16","date_gmt":"2023-12-12T10:40:16","guid":{"rendered":"http:\/\/teleshop.espresso-kafa.rs\/?page_id=10110"},"modified":"2023-12-12T11:50:48","modified_gmt":"2023-12-12T10:50:48","slug":"nacin-placanja-i-isporuka","status":"publish","type":"page","link":"https:\/\/teleshop.espresso-kafa.rs\/index.php\/nacin-placanja-i-isporuka\/","title":{"rendered":"Na\u010din placanja i isporuka"},"content":{"rendered":"\t\t<div data-elementor-type=\"wp-page\" data-elementor-id=\"10110\" class=\"elementor elementor-10110\">\n\t\t\t\t<div class=\"wd-negative-gap elementor-element elementor-element-a14b988 e-flex e-con-boxed e-con e-parent\" data-id=\"a14b988\" data-element_type=\"container\">\n\t\t\t\t\t<div class=\"e-con-inner\">\n\t\t\t\t<div class=\"elementor-element elementor-element-65df843 elementor-widget elementor-widget-heading\" data-id=\"65df843\" data-element_type=\"widget\" data-widget_type=\"heading.default\">\n\t\t\t\t<div class=\"elementor-widget-container\">\n\t\t\t<style>\/*! elementor - v3.21.0 - 26-05-2024 *\/\n.elementor-heading-title{padding:0;margin:0;line-height:1}.elementor-widget-heading .elementor-heading-title[class*=elementor-size-]>a{color:inherit;font-size:inherit;line-height:inherit}.elementor-widget-heading .elementor-heading-title.elementor-size-small{font-size:15px}.elementor-widget-heading .elementor-heading-title.elementor-size-medium{font-size:19px}.elementor-widget-heading .elementor-heading-title.elementor-size-large{font-size:29px}.elementor-widget-heading .elementor-heading-title.elementor-size-xl{font-size:39px}.elementor-widget-heading .elementor-heading-title.elementor-size-xxl{font-size:59px}<\/style><h2 class=\"elementor-heading-title elementor-size-default\">Na\u010din pla\u0107anja i isporuka<\/h2>\t\t<\/div>\n\t\t\t\t<\/div>\n\t\t\t\t\t<\/div>\n\t\t\t\t<\/div>\n\t\t<div class=\"wd-negative-gap elementor-element elementor-element-62e2bb7 e-flex e-con-boxed e-con e-parent\" data-id=\"62e2bb7\" data-element_type=\"container\">\n\t\t\t\t\t<div class=\"e-con-inner\">\n\t\t\t\t<div class=\"elementor-element elementor-element-21a83d1 elementor-widget elementor-widget-wd_text_block\" data-id=\"21a83d1\" data-element_type=\"widget\" data-widget_type=\"wd_text_block.default\">\n\t\t\t\t<div class=\"elementor-widget-container\">\n\t\t\t\t\t<div class=\"wd-text-block reset-last-child text-left\">\n\t\t\t\n\t\t\t<p><strong>Na\u010din pla\u0107anja<\/strong><\/p><p><strong>Platnom karticom (Visa, MasterCard, Maestro, Dina):<\/strong> Ukoliko ste kao na\u010din plac\u0301anja odabrali platnu karticu, bic\u0301ete preusmereni na stranicu provajdera platnih usluga - VS Pai, gde c\u0301ete uneti podatke o va\u0161oj platnoj kartici. Nakon uspe\u0161ne transakcije, bic\u0301ete vrac\u0301eni na na\u0161 sajt sa potvrdom o rezervaciji sredstava. Rezervisana sredstva c\u0301e biti skinuta sa kartice nakon isporuke naru\u010denih proizvoda. U slu\u010daju neuspe\u0161ne transakcije, dobic\u0301ete obave\u0161tenje i mo\u017eete poku\u0161ati ponovo ili izabrati drugi na\u010din plac\u0301anja. Radi bezbednosti, informacije o platnoj kartici su vidljive samo dobavlja\u010du platnih usluga.<\/p><p><strong>Kreditne kartice Banca Intesa:<\/strong> Plac\u0301anje na rate za iznose vec\u0301e od 5.000 dinara, sa moguc\u0301no\u0161c\u0301u podele na 2 do 12 rata.<\/p><p><strong>Primaocu:<\/strong> Plac\u0301anje gotovinom ili karticama omoguc\u0301eno beskontaktno plac\u0301anje prilikom preuzimanja po\u0161iljke.<\/p><p><strong>Uplata na ra\u010dun (e-banking ili uplatnica na \u0161alteru):<\/strong> Instrukcije za plac\u0301anje c\u0301e biti poslate na Va\u0161u e-mail po zavr\u0161etku kupovine. Plac\u0301anje vr\u0161ite preko e-banking ra\u010duna ili na \u0161alteru. Narud\u017eba se poni\u0161tava ako se uplata ne izvr\u0161i u roku od 7 dana.<\/p><p><strong>Putem Raiffeisen veb kredita:<\/strong> Krediti od 8.000,00 do 400.000,00 dinara sa fiksnom kamatnom stopom i moguc\u0301no\u0161c\u0301u otplate na 3 do 23 rate. Uslovi obuhvataju zaposlenje ili penziju i prihod vec\u0301i od 14.000 dinara. Starosna granica je od 22 do 68 godina. Za kredite preko 60.000,00 dinara potrebna je dodatna dokumentacija.<\/p><p><strong>Isporuka<br \/><\/strong><br \/>Cenovnik i rok isporuke zavise od te\u017eine po\u0161iljke, a cene se krec\u0301u od 249 do 7.499 dinara. Dostavu vr\u0161i kurirska slu\u017eba D Ekpress, a o\u010dekivano vreme isporuke je nazna\u010deno na stranici proizvoda. U slu\u010daju konsolidacije vi\u0161e po\u0161iljki, rok se produ\u017eava za 2 radna dana. Status svoje porud\u017ebine mo\u017eete proveriti u odeljku \u201eMoj nalog\u201c.<\/p><p>Na dan isporuke dobic\u0301ete obave\u0161tenje putem e-maila, poziva, Vibera ili SMS-a. Vangabaritne po\u0161iljke se dostavljaju sa dva izvr\u0161ioca, a usluga obuhvata ulazak preko praga, raspakivanje i proveru fizi\u010dkog stanja paketa.<\/p><p>Ukoliko naru\u010dite vi\u0161e artikala, postoji moguc\u0301nost da budu poslati iz razli\u010ditih magacina, ali mo\u017eete izabrati opciju \u201eKombinovati po\u0161iljke\u201c za isporuku u jednom paketu.<\/p><p><strong>Preuzmite na paket ma\u0161inama<br \/><\/strong><br \/>Kroz saradnju sa kurirskom slu\u017ebom DEkpress nudimo preuzimanje na paketima \u0161irom Beograda iu 40 gradova Srbije, po ceni dostave od 149 rsd. Proces uklju\u010duje obave\u0161tenje o lokaciji i kodu za preuzimanje paketa.<\/p>\n\t\t\t\t\t<\/div>\n\t\t\t\t<\/div>\n\t\t\t\t<\/div>\n\t\t\t\t\t<\/div>\n\t\t\t\t<\/div>\n\t\t\t\t<\/div>\n\t\t","protected":false},"excerpt":{"rendered":"<p>Na\u010din pla\u0107anja i isporuka Na\u010din pla\u0107anja Platnom karticom (Visa, MasterCard, Maestro, Dina): Ukoliko ste kao na\u010din plac\u0301anja odabrali platnu karticu,<\/p>\n","protected":false},"author":1,"featured_media":0,"parent":0,"menu_order":0,"comment_status":"closed","ping_status":"closed","template":"","meta":{"footnotes":""},"class_list":["post-10110","page","type-page","status-publish","hentry"],"_links":{"self":[{"href":"https:\/\/teleshop.espresso-kafa.rs\/index.php\/wp-json\/wp\/v2\/pages\/10110","targetHints":{"allow":["GET"]}}],"collection":[{"href":"https:\/\/teleshop.espresso-kafa.rs\/index.php\/wp-json\/wp\/v2\/pages"}],"about":[{"href":"https:\/\/teleshop.espresso-kafa.rs\/index.php\/wp-json\/wp\/v2\/types\/page"}],"author":[{"embeddable":true,"href":"https:\/\/teleshop.espresso-kafa.rs\/index.php\/wp-json\/wp\/v2\/users\/1"}],"replies":[{"embeddable":true,"href":"https:\/\/teleshop.espresso-kafa.rs\/index.php\/wp-json\/wp\/v2\/comments?post=10110"}],"version-history":[{"count":4,"href":"https:\/\/teleshop.espresso-kafa.rs\/index.php\/wp-json\/wp\/v2\/pages\/10110\/revisions"}],"predecessor-version":[{"id":10115,"href":"https:\/\/teleshop.espresso-kafa.rs\/index.php\/wp-json\/wp\/v2\/pages\/10110\/revisions\/10115"}],"wp:attachment":[{"href":"https:\/\/teleshop.espresso-kafa.rs\/index.php\/wp-json\/wp\/v2\/media?parent=10110"}],"curies":[{"name":"wp","href":"https:\/\/api.w.org\/{rel}","templated":true}]}}